{"id":17,"date":"2022-09-29T10:22:47","date_gmt":"2022-09-29T08:22:47","guid":{"rendered":"http:\/\/www.letraindemespensees.com\/?page_id=17"},"modified":"2023-04-11T14:39:05","modified_gmt":"2023-04-11T12:39:05","slug":"lautrice","status":"publish","type":"page","link":"https:\/\/www.letraindemespensees.com\/index.php\/lautrice\/","title":{"rendered":"L&#8217;autrice"},"content":{"rendered":"<div class=\"wp-block-image\">\n<figure class=\"alignleft size-large is-resized\"><img loading=\"lazy\" decoding=\"async\" src=\"http:\/\/www.petite-coccinelle.com\/wp-content\/uploads\/2021\/11\/100475926_10158835976766178_6959959189946892288_n.jpg\" alt=\"\" class=\"wp-image-55\" width=\"245\" height=\"243\"\/><\/figure>\n<\/div>\n\n\n<p><\/p>\n\n\n\n<p><strong>Caroline Jolivet publie <em>&#8220;Le train de mes pens\u00e9es&#8221;<\/em>, troisi\u00e8me guide de sophrologie pour les enfants entre 4 et 8 ans. Apr\u00e8s <em>&#8220;R\u00e9pare mon coeur&#8221;<\/em> consacr\u00e9 aux petits endeuill\u00e9s et <em>&#8220;Petite Coccinelle et la valise du sommeil&#8221;<\/em> destin\u00e9 aux petits dormeurs, <em>&#8220;Le train de mes pens\u00e9es&#8221;<\/em> est d\u00e9di\u00e9 aux enfants r\u00eaveurs.<\/strong><\/p>\n\n\n\n<p><\/p>\n\n\n\n<p><\/p>\n\n\n\n<p><\/p>\n\n\n\n<blockquote class=\"wp-block-quote is-layout-flow wp-block-quote-is-layout-flow\">\n<p> <\/p>\n\n\n\n<p><\/p>\n\n\n\n<p>Souvent point\u00e9s du doigt pour leurs difficult\u00e9s d&#8217;attention, les petits r\u00eaveurs devraient \u00e0 l&#8217;inverse \u00eatre valoris\u00e9s ! Leur imagination sans borne est une immense richesse. Les aider d&#8217;abord \u00e0 identifier des difficult\u00e9s d&#8217;attention qui peuvent avoir des causes multiples, leur apprendre ensuite \u00e0 les appr\u00e9hender et \u00e0 utiliser leur imagination est essentielle pour leur redonner une confiance souvent ab\u00eem\u00e9e pendant la scolarit\u00e9.  <\/p>\n<\/blockquote>\n\n\n\n<p>Caroline Jolivet a travaill\u00e9 15 ans dans l&#8217;univers de la cr\u00e9ation num\u00e9rique et de la presse avant de changer de voie et de devenir sophrologue, hypnoth\u00e9rapeute et de se sp\u00e9cialiser dans l&#8217;accompagnement des enfants. Elle exerce \u00e0 Courbevoie et La Garenne-Colombes dans les Hauts-de-Seine (92).<\/p>\n\n\n\n<p>Egalement autrice de : <\/p>\n\n\n\n<ul class=\"wp-block-list\">\n<li> <strong><a href=\"http:\/\/www.reparemoncoeur.com\" data-type=\"URL\" data-id=\"www.reparemoncoeur.com\"><em>R\u00e9pare mon coeur<\/em><\/a>,<\/strong> Edition Les Ateliers de sophrologie, 2021, conte m\u00e9taphorique et guide d&#8217;activit\u00e9s issu du Kintsugi et de la sophrologie pour l&#8217;enfant en deuil.<\/li>\n\n\n\n<li><em><strong><a href=\"http:\/\/www.fixmyheart-mom.com\" data-type=\"URL\" data-id=\"www.fixmyheart-mom.com\">&#8220;Fix My Heart, Mom&#8221;<\/a>,<\/strong><\/em> Edition Les Ateliers de sophrologie, 2022 <\/li>\n\n\n\n<li><em><a rel=\"noreferrer noopener\" href=\"http:\/\/www.petite-coccinelle.com\" target=\"_blank\"><strong>&#8220;Peti<\/strong>te<strong> Coccinelle et la valise du sommeil&#8221;<\/strong><\/a><\/em>, mini-s\u00e9ance de sophrologie pour les petits dormeurs, Edition Les Ateliers de sophrologie, 2022 <\/li>\n\n\n\n<li> <strong><em><a href=\"http:\/\/www.bernard-dargols.com\" data-type=\"URL\" data-id=\"www.bernard-dargols.com\">&#8220;Bernard Dargols, un GI fran\u00e7ais \u00e0 Omaha Beach&#8221;<\/a><\/em><\/strong>, \u00e9ditions Ouest France publi\u00e9e en 2012 dans lequel Caroline retrace le parcours de son grand-p\u00e8re, r\u00e9cit qui sera \u00e9galement publi\u00e9 en Anglais chez Pen &amp; Swords en 2018 &#8220;A French GI at Omaha Beach&#8221;.<\/li>\n<\/ul>\n\n\n\n<p><\/p>\n\n\n\n<p class=\"has-text-align-left\"><\/p>\n","protected":false},"excerpt":{"rendered":"<p class=\"excerpt\">Caroline Jolivet publie &#8220;Le train de mes pens\u00e9es&#8221;, troisi\u00e8me guide de sophrologie pour les enfants entre 4 et 8 ans. Apr\u00e8s &#8220;R\u00e9pare mon coeur&#8221; consacr\u00e9 aux petits endeuill\u00e9s et &#8220;Petite Coccinelle et la valise du sommeil&#8221; destin\u00e9 aux petits dormeurs, &#8220;Le train de mes pens\u00e9es&#8221; est d\u00e9di\u00e9 aux enfants r\u00eaveurs. Souvent point\u00e9s du doigt pour leurs difficult\u00e9s d&#8217;attention, les petits&hellip;<\/p>\n<p class=\"more-link-p\"><a class=\"btn btn-default\" href=\"https:\/\/www.letraindemespensees.com\/index.php\/lautrice\/\">Read more<\/a><\/p>\n","protected":false},"author":1,"featured_media":0,"parent":0,"menu_order":0,"comment_status":"closed","ping_status":"closed","template":"","meta":{"sfsi_plus_gutenberg_text_before_share":"","sfsi_plus_gutenberg_show_text_before_share":"","sfsi_plus_gutenberg_icon_type":"","sfsi_plus_gutenberg_icon_alignemt":"","sfsi_plus_gutenburg_max_per_row":"","footnotes":""},"class_list":["post-17","page","type-page","status-publish","hentry"],"_links":{"self":[{"href":"https:\/\/www.letraindemespensees.com\/index.php\/wp-json\/wp\/v2\/pages\/17","targetHints":{"allow":["GET"]}}],"collection":[{"href":"https:\/\/www.letraindemespensees.com\/index.php\/wp-json\/wp\/v2\/pages"}],"about":[{"href":"https:\/\/www.letraindemespensees.com\/index.php\/wp-json\/wp\/v2\/types\/page"}],"author":[{"embeddable":true,"href":"https:\/\/www.letraindemespensees.com\/index.php\/wp-json\/wp\/v2\/users\/1"}],"replies":[{"embeddable":true,"href":"https:\/\/www.letraindemespensees.com\/index.php\/wp-json\/wp\/v2\/comments?post=17"}],"version-history":[{"count":7,"href":"https:\/\/www.letraindemespensees.com\/index.php\/wp-json\/wp\/v2\/pages\/17\/revisions"}],"predecessor-version":[{"id":113,"href":"https:\/\/www.letraindemespensees.com\/index.php\/wp-json\/wp\/v2\/pages\/17\/revisions\/113"}],"wp:attachment":[{"href":"https:\/\/www.letraindemespensees.com\/index.php\/wp-json\/wp\/v2\/media?parent=17"}],"curies":[{"name":"wp","href":"https:\/\/api.w.org\/{rel}","templated":true}]}}