{"id":19,"date":"2022-09-29T10:56:04","date_gmt":"2022-09-29T08:56:04","guid":{"rendered":"http:\/\/www.letraindemespensees.com\/?page_id=19"},"modified":"2023-04-11T00:06:01","modified_gmt":"2023-04-10T22:06:01","slug":"la-sophrologie-et-la-concentration","status":"publish","type":"page","link":"https:\/\/www.letraindemespensees.com\/index.php\/la-sophrologie-et-la-concentration\/","title":{"rendered":"La sophrologie et la concentration"},"content":{"rendered":"\n<p><\/p>\n\n\n\n<p>Lorsqu&#8217;on pratique la sophrologie, la th\u00e9matique de la concentration revient souvent. En p\u00e9riode de stress, la concentration &#8211; comme le sommeil &#8211; peut \u00eatre touch\u00e9e. Difficile de se concentrer lorsqu&#8217;on a d&#8217;autres choses en t\u00eate ! C&#8217;est vrai pour les adultes comme pour les enfants ! Les pratiques de pleine conscience sont alors tr\u00e8s utiles. D&#8217;une part, pour rel\u00e2cher les tensions, retrouver le calme et se recentrer, d&#8217;autre part pour apprendre \u00e0 mobiliser sa concentration. <\/p>\n\n\n\n<p>Cependant, ces difficult\u00e9s ne sont pas toujours li\u00e9es au stress. Un trouble de l&#8217;attention peut \u00eatre d\u00e9cel\u00e9 par un professionnel de sant\u00e9 (p\u00e9dopsychiatre, neuropsychologue, psychologue) et ce trouble peut lui-m\u00eame g\u00e9n\u00e9r\u00e9 du stress pour l&#8217;enfant (et l&#8217;adulte ^^).<\/p>\n\n\n\n<p>La sophrologie, est alors utile pour limiter les effets d\u00e9l\u00e9t\u00e8res identifi\u00e9s : frustration, impatience, baisse de la confiance en soi, etc&#8230;<\/p>\n\n\n\n<p><\/p>\n\n\n\n<p><\/p>\n\n\n\n<figure class=\"wp-block-pullquote\"><blockquote><p><strong>Extrait de la pr\u00e9face<\/strong> du livre <strong><em>&#8220;Le train de mes pens\u00e9es&#8221;<\/em><\/strong><br>&#8220;Dans la lune ? Ailleurs ? Avec cette impression qu\u2019il ne vous \u00e9coute pas ? Peut-\u00eatre m\u00eame avez-vous fait v\u00e9rifier son audition ? Peut-\u00eatre avez-vous remarqu\u00e9 qu\u2019il vous entend tr\u00e8s bien sur certains sujets (tiens du chocolat ?) et filtre les autres (se mettre en pyjama ?) ?<br>Bref, pendant que l\u2019un vit parfois dans ses r\u00eaves sans s\u2019en rendre compte, les autres essaient tant bien que mal de les en sortir ! Comment faire alors qu\u2019il est si bien et absorb\u00e9 par une vie int\u00e9rieure tr\u00e8s riche pour laisser un peu de place \u00e0 la r\u00e9alit\u00e9 ?<br>D\u2019abord, avant de s\u2019inqui\u00e9ter pour son avenir tout entier, observez : lorsque votre enfant choisit un livre, un jeu, maintient-il son attention plus facilement que lorsque l\u2019activit\u00e9 lui est impos\u00e9e ? A-t-il du mal \u00e0 trouver de l\u2019int\u00e9r\u00eat \u00e0 certaines mati\u00e8res \u00e0 l\u2019\u00e9cole par exemple ? Lui est-il tr\u00e8s difficile de s\u2019asseoir et de se focaliser sur une activit\u00e9 qui de surcro\u00eet l\u2019int\u00e9resse ?<br><\/p><\/blockquote><\/figure>\n\n\n\n<p><\/p>\n\n\n\n<p><\/p>\n","protected":false},"excerpt":{"rendered":"<p class=\"excerpt\">Lorsqu&#8217;on pratique la sophrologie, la th\u00e9matique de la concentration revient souvent. En p\u00e9riode de stress, la concentration &#8211; comme le sommeil &#8211; peut \u00eatre touch\u00e9e. Difficile de se concentrer lorsqu&#8217;on a d&#8217;autres choses en t\u00eate ! C&#8217;est vrai pour les adultes comme pour les enfants ! Les pratiques de pleine conscience sont alors tr\u00e8s utiles. D&#8217;une part, pour rel\u00e2cher les&hellip;<\/p>\n<p class=\"more-link-p\"><a class=\"btn btn-default\" href=\"https:\/\/www.letraindemespensees.com\/index.php\/la-sophrologie-et-la-concentration\/\">Read more<\/a><\/p>\n","protected":false},"author":1,"featured_media":0,"parent":0,"menu_order":0,"comment_status":"closed","ping_status":"closed","template":"","meta":{"sfsi_plus_gutenberg_text_before_share":"","sfsi_plus_gutenberg_show_text_before_share":"","sfsi_plus_gutenberg_icon_type":"","sfsi_plus_gutenberg_icon_alignemt":"","sfsi_plus_gutenburg_max_per_row":"","footnotes":""},"class_list":["post-19","page","type-page","status-publish","hentry"],"_links":{"self":[{"href":"https:\/\/www.letraindemespensees.com\/index.php\/wp-json\/wp\/v2\/pages\/19","targetHints":{"allow":["GET"]}}],"collection":[{"href":"https:\/\/www.letraindemespensees.com\/index.php\/wp-json\/wp\/v2\/pages"}],"about":[{"href":"https:\/\/www.letraindemespensees.com\/index.php\/wp-json\/wp\/v2\/types\/page"}],"author":[{"embeddable":true,"href":"https:\/\/www.letraindemespensees.com\/index.php\/wp-json\/wp\/v2\/users\/1"}],"replies":[{"embeddable":true,"href":"https:\/\/www.letraindemespensees.com\/index.php\/wp-json\/wp\/v2\/comments?post=19"}],"version-history":[{"count":2,"href":"https:\/\/www.letraindemespensees.com\/index.php\/wp-json\/wp\/v2\/pages\/19\/revisions"}],"predecessor-version":[{"id":116,"href":"https:\/\/www.letraindemespensees.com\/index.php\/wp-json\/wp\/v2\/pages\/19\/revisions\/116"}],"wp:attachment":[{"href":"https:\/\/www.letraindemespensees.com\/index.php\/wp-json\/wp\/v2\/media?parent=19"}],"curies":[{"name":"wp","href":"https:\/\/api.w.org\/{rel}","templated":true}]}}