{"id":239,"date":"2023-04-11T22:00:10","date_gmt":"2023-04-11T20:00:10","guid":{"rendered":"http:\/\/www.letraindemespensees.com\/?page_id=239"},"modified":"2023-05-07T22:01:25","modified_gmt":"2023-05-07T20:01:25","slug":"commander-le-livre-2","status":"publish","type":"page","link":"https:\/\/www.letraindemespensees.com\/index.php\/commander-le-livre-2\/","title":{"rendered":"Commander le livre"},"content":{"rendered":"\t\t<div data-elementor-type=\"wp-page\" data-elementor-id=\"239\" class=\"elementor elementor-239\">\n\t\t\t\t\t\t\t\t\t<section class=\"elementor-section elementor-top-section elementor-element elementor-element-7ab2d7a4 elementor-section-boxed elementor-section-height-default elementor-section-height-default\" data-id=\"7ab2d7a4\" data-element_type=\"section\">\n\t\t\t\t\t\t<div class=\"elementor-container elementor-column-gap-default\">\n\t\t\t\t\t<div class=\"elementor-column elementor-col-100 elementor-top-column elementor-element elementor-element-6d003878\" data-id=\"6d003878\" data-element_type=\"column\">\n\t\t\t<div class=\"elementor-widget-wrap elementor-element-populated\">\n\t\t\t\t\t\t\t\t<div class=\"elementor-element elementor-element-33df4c21 elementor-widget elementor-widget-text-editor\" data-id=\"33df4c21\" data-element_type=\"widget\" data-widget_type=\"text-editor.default\">\n\t\t\t\t<div class=\"elementor-widget-container\">\n\t\t\t<style>\/*! elementor - v3.12.1 - 02-04-2023 *\/\n.elementor-widget-text-editor.elementor-drop-cap-view-stacked .elementor-drop-cap{background-color:#69727d;color:#fff}.elementor-widget-text-editor.elementor-drop-cap-view-framed .elementor-drop-cap{color:#69727d;border:3px solid;background-color:transparent}.elementor-widget-text-editor:not(.elementor-drop-cap-view-default) .elementor-drop-cap{margin-top:8px}.elementor-widget-text-editor:not(.elementor-drop-cap-view-default) .elementor-drop-cap-letter{width:1em;height:1em}.elementor-widget-text-editor .elementor-drop-cap{float:left;text-align:center;line-height:1;font-size:50px}.elementor-widget-text-editor .elementor-drop-cap-letter{display:inline-block}<\/style>\t\t\t\t<!-- wp:fl-builder\/layout -->\n<blockquote>\n<p><strong><em>Vous \u00eates libraire\u00a0? Vous b\u00e9n\u00e9ficiez de la r\u00e9duction usuelle de 30%.\u00a0<\/em><\/strong><em>Commandez vos exemplaires via le formulaire de contact en cliquant\u00a0<a href=\"http:\/\/ateliersophro.com\/index.php\/contact-librairies\/\">ici<\/a>.<\/em><\/p>\n<\/blockquote>\n<p>\u00a0<\/p>\n<p><img decoding=\"async\" title=\"IMG_0404\" src=\"http:\/\/www.letraindemespensees.com\/wp-content\/uploads\/2023\/04\/IMG_0404-scaled.jpg\" alt=\"IMG_0404\" \/><\/p>\n<!-- \/wp:fl-builder\/layout -->\t\t\t\t\t\t<\/div>\n\t\t\t\t<\/div>\n\t\t\t\t\t<\/div>\n\t\t<\/div>\n\t\t\t\t\t\t\t<\/div>\n\t\t<\/section>\n\t\t\t\t\t\t\t<\/div>\n\t\t","protected":false},"excerpt":{"rendered":"<p class=\"excerpt\">Vous \u00eates libraire\u00a0? Vous b\u00e9n\u00e9ficiez de la r\u00e9duction usuelle de 30%.\u00a0Commandez vos exemplaires via le formulaire de contact en cliquant\u00a0ici. \u00a0<\/p>\n<p class=\"more-link-p\"><a class=\"btn btn-default\" href=\"https:\/\/www.letraindemespensees.com\/index.php\/commander-le-livre-2\/\">Read more<\/a><\/p>\n","protected":false},"author":1,"featured_media":44,"parent":0,"menu_order":0,"comment_status":"closed","ping_status":"closed","template":"","meta":{"sfsi_plus_gutenberg_text_before_share":"","sfsi_plus_gutenberg_show_text_before_share":"","sfsi_plus_gutenberg_icon_type":"","sfsi_plus_gutenberg_icon_alignemt":"","sfsi_plus_gutenburg_max_per_row":"","footnotes":""},"class_list":["post-239","page","type-page","status-publish","has-post-thumbnail","hentry"],"_links":{"self":[{"href":"https:\/\/www.letraindemespensees.com\/index.php\/wp-json\/wp\/v2\/pages\/239","targetHints":{"allow":["GET"]}}],"collection":[{"href":"https:\/\/www.letraindemespensees.com\/index.php\/wp-json\/wp\/v2\/pages"}],"about":[{"href":"https:\/\/www.letraindemespensees.com\/index.php\/wp-json\/wp\/v2\/types\/page"}],"author":[{"embeddable":true,"href":"https:\/\/www.letraindemespensees.com\/index.php\/wp-json\/wp\/v2\/users\/1"}],"replies":[{"embeddable":true,"href":"https:\/\/www.letraindemespensees.com\/index.php\/wp-json\/wp\/v2\/comments?post=239"}],"version-history":[{"count":8,"href":"https:\/\/www.letraindemespensees.com\/index.php\/wp-json\/wp\/v2\/pages\/239\/revisions"}],"predecessor-version":[{"id":255,"href":"https:\/\/www.letraindemespensees.com\/index.php\/wp-json\/wp\/v2\/pages\/239\/revisions\/255"}],"wp:featuredmedia":[{"embeddable":true,"href":"https:\/\/www.letraindemespensees.com\/index.php\/wp-json\/wp\/v2\/media\/44"}],"wp:attachment":[{"href":"https:\/\/www.letraindemespensees.com\/index.php\/wp-json\/wp\/v2\/media?parent=239"}],"curies":[{"name":"wp","href":"https:\/\/api.w.org\/{rel}","templated":true}]}}